{"id":84,"date":"2023-10-19T09:12:42","date_gmt":"2023-10-19T07:12:42","guid":{"rendered":"https:\/\/www.vspischelsdorf.at\/WordPress\/?page_id=84"},"modified":"2026-03-02T12:31:28","modified_gmt":"2026-03-02T11:31:28","slug":"team","status":"publish","type":"page","link":"https:\/\/www.vspischelsdorf.at\/WordPress\/team\/","title":{"rendered":"Unser Team"},"content":{"rendered":"\n<div style=\"height:100px\" aria-hidden=\"true\" class=\"wp-block-spacer\"><\/div>\n\n\n\n<div class=\"wp-block-columns is-layout-flex wp-container-core-columns-is-layout-9d6595d7 wp-block-columns-is-layout-flex\">\n<div class=\"wp-block-column is-layout-flow wp-block-column-is-layout-flow\">\n<div class=\"wp-block-media-text is-stacked-on-mobile\" style=\"grid-template-columns:45% auto\"><figure class=\"wp-block-media-text__media\"><img loading=\"lazy\" decoding=\"async\" width=\"731\" height=\"1024\" src=\"https:\/\/www.vspischelsdorf.at\/WordPress\/wp-content\/uploads\/2024\/01\/Catherine-Schweighofer.jpg\" alt=\"\" class=\"wp-image-900 size-full\" srcset=\"https:\/\/www.vspischelsdorf.at\/WordPress\/wp-content\/uploads\/2024\/01\/Catherine-Schweighofer.jpg 731w, https:\/\/www.vspischelsdorf.at\/WordPress\/wp-content\/uploads\/2024\/01\/Catherine-Schweighofer-214x300.jpg 214w\" sizes=\"auto, (max-width: 731px) 100vw, 731px\" \/><\/figure><div class=\"wp-block-media-text__content\">\n<p>Dipl.-P\u00e4d.<br><strong>Catherine Schweighofer<\/strong> <\/p>\n\n\n\n<p>Leiterin<\/p>\n<\/div><\/div>\n\n\n\n<div class=\"wp-block-media-text is-stacked-on-mobile\" style=\"grid-template-columns:45% auto\"><figure class=\"wp-block-media-text__media\"><img loading=\"lazy\" decoding=\"async\" width=\"731\" height=\"1024\" src=\"https:\/\/www.vspischelsdorf.at\/WordPress\/wp-content\/uploads\/2024\/01\/Barbara-Sommerhofer.jpg\" alt=\"\" class=\"wp-image-903 size-full\" srcset=\"https:\/\/www.vspischelsdorf.at\/WordPress\/wp-content\/uploads\/2024\/01\/Barbara-Sommerhofer.jpg 731w, https:\/\/www.vspischelsdorf.at\/WordPress\/wp-content\/uploads\/2024\/01\/Barbara-Sommerhofer-214x300.jpg 214w\" sizes=\"auto, (max-width: 731px) 100vw, 731px\" \/><\/figure><div class=\"wp-block-media-text__content\">\n<p>Dipl.-P\u00e4d.<br><strong>Barbara Sommerhofer,&nbsp;<\/strong>BEd<strong><br><\/strong>Klassenlehrerin<\/p>\n<\/div><\/div>\n\n\n\n<div class=\"wp-block-media-text is-stacked-on-mobile\" style=\"grid-template-columns:45% auto\"><figure class=\"wp-block-media-text__media\"><img loading=\"lazy\" decoding=\"async\" width=\"731\" height=\"1024\" src=\"https:\/\/www.vspischelsdorf.at\/WordPress\/wp-content\/uploads\/2024\/01\/Angelika-Seidler.jpg\" alt=\"\" class=\"wp-image-906 size-full\" srcset=\"https:\/\/www.vspischelsdorf.at\/WordPress\/wp-content\/uploads\/2024\/01\/Angelika-Seidler.jpg 731w, https:\/\/www.vspischelsdorf.at\/WordPress\/wp-content\/uploads\/2024\/01\/Angelika-Seidler-214x300.jpg 214w\" sizes=\"auto, (max-width: 731px) 100vw, 731px\" \/><\/figure><div class=\"wp-block-media-text__content\">\n<p>Prof.in<br><strong>Angelika Seidler,\u00a0<\/strong>MA<br>Klassenlehrerin<\/p>\n<\/div><\/div>\n\n\n\n<div class=\"wp-block-media-text is-stacked-on-mobile\" style=\"grid-template-columns:45% auto\"><figure class=\"wp-block-media-text__media\"><img loading=\"lazy\" decoding=\"async\" width=\"608\" height=\"821\" src=\"https:\/\/www.vspischelsdorf.at\/WordPress\/wp-content\/uploads\/2024\/04\/Bettina-Cossee_kleiner.jpeg\" alt=\"\" class=\"wp-image-1208 size-full\" srcset=\"https:\/\/www.vspischelsdorf.at\/WordPress\/wp-content\/uploads\/2024\/04\/Bettina-Cossee_kleiner.jpeg 608w, https:\/\/www.vspischelsdorf.at\/WordPress\/wp-content\/uploads\/2024\/04\/Bettina-Cossee_kleiner-222x300.jpeg 222w\" sizes=\"auto, (max-width: 608px) 100vw, 608px\" \/><\/figure><div class=\"wp-block-media-text__content\">\n<p>Prof.in<br><strong>Bettina Cossee,&nbsp;<\/strong>BEd<br>Klassenlehrerin<\/p>\n<\/div><\/div>\n\n\n\n<div class=\"wp-block-media-text is-stacked-on-mobile\" style=\"grid-template-columns:45% auto\"><figure class=\"wp-block-media-text__media\"><img loading=\"lazy\" decoding=\"async\" width=\"400\" height=\"600\" src=\"https:\/\/www.vspischelsdorf.at\/WordPress\/wp-content\/uploads\/2023\/10\/Eva-Maria-Koller.jpeg\" alt=\"\" class=\"wp-image-95 size-full\" srcset=\"https:\/\/www.vspischelsdorf.at\/WordPress\/wp-content\/uploads\/2023\/10\/Eva-Maria-Koller.jpeg 400w, https:\/\/www.vspischelsdorf.at\/WordPress\/wp-content\/uploads\/2023\/10\/Eva-Maria-Koller-200x300.jpeg 200w\" sizes=\"auto, (max-width: 400px) 100vw, 400px\" \/><\/figure><div class=\"wp-block-media-text__content\">\n<p>Prof.in<br><strong>Eva-Maria Koller,&nbsp;<\/strong>BEd, BEd<br>Klassenlehrerin<\/p>\n<\/div><\/div>\n\n\n\n<div class=\"wp-block-media-text is-stacked-on-mobile\" style=\"grid-template-columns:45% auto\"><figure class=\"wp-block-media-text__media\"><\/figure><div class=\"wp-block-media-text__content\">\n<p>Prof.in<br><strong>Victoria P\u00f6ttler,&nbsp;<\/strong>BA<br>Klassenlehrerin<\/p>\n<\/div><\/div>\n\n\n\n<div class=\"wp-block-media-text is-stacked-on-mobile\" style=\"grid-template-columns:45% auto\"><figure class=\"wp-block-media-text__media\"><img loading=\"lazy\" decoding=\"async\" width=\"432\" height=\"600\" src=\"https:\/\/www.vspischelsdorf.at\/WordPress\/wp-content\/uploads\/2023\/10\/angelika-wild.jpg\" alt=\"\" class=\"wp-image-93 size-full\" srcset=\"https:\/\/www.vspischelsdorf.at\/WordPress\/wp-content\/uploads\/2023\/10\/angelika-wild.jpg 432w, https:\/\/www.vspischelsdorf.at\/WordPress\/wp-content\/uploads\/2023\/10\/angelika-wild-216x300.jpg 216w\" sizes=\"auto, (max-width: 432px) 100vw, 432px\" \/><\/figure><div class=\"wp-block-media-text__content\">\n<p>Dipl.-P\u00e4d.<br><strong>Angelika Wild<br><\/strong>Lehrerin f\u00fcr Technik und Design<\/p>\n\n\n\n<p>Volksschullehrerin<\/p>\n<\/div><\/div>\n\n\n\n<div class=\"wp-block-media-text is-stacked-on-mobile\" style=\"grid-template-columns:45% auto\"><figure class=\"wp-block-media-text__media\"><img loading=\"lazy\" decoding=\"async\" width=\"600\" height=\"900\" src=\"https:\/\/www.vspischelsdorf.at\/WordPress\/wp-content\/uploads\/2025\/01\/Sandra-Gollowitsch.jpg\" alt=\"\" class=\"wp-image-1851 size-full\" srcset=\"https:\/\/www.vspischelsdorf.at\/WordPress\/wp-content\/uploads\/2025\/01\/Sandra-Gollowitsch.jpg 600w, https:\/\/www.vspischelsdorf.at\/WordPress\/wp-content\/uploads\/2025\/01\/Sandra-Gollowitsch-200x300.jpg 200w\" sizes=\"auto, (max-width: 600px) 100vw, 600px\" \/><\/figure><div class=\"wp-block-media-text__content\">\n<p>Dipl.-P\u00e4d. Mag.<sup>a<\/sup><br><strong>Sandra Gollowitsch-Siegl&nbsp;<\/strong><\/p>\n\n\n\n<p>Lehrerin<\/p>\n<\/div><\/div>\n\n\n\n<div class=\"wp-block-media-text is-stacked-on-mobile\" style=\"grid-template-columns:45% auto\"><figure class=\"wp-block-media-text__media\"><img loading=\"lazy\" decoding=\"async\" width=\"150\" height=\"200\" src=\"https:\/\/www.vspischelsdorf.at\/WordPress\/wp-content\/uploads\/2023\/10\/Chuck-Le-Monds.jpeg\" alt=\"\" class=\"wp-image-103 size-full\"\/><\/figure><div class=\"wp-block-media-text__content\">\n<p><strong>Chuck Le Monds<\/strong><br>Native Speaker Englisch<\/p>\n<\/div><\/div>\n\n\n\n<div class=\"wp-block-media-text is-stacked-on-mobile\" style=\"grid-template-columns:45% auto\"><figure class=\"wp-block-media-text__media\"><img loading=\"lazy\" decoding=\"async\" width=\"753\" height=\"1024\" src=\"https:\/\/www.vspischelsdorf.at\/WordPress\/wp-content\/uploads\/2025\/02\/Rainer_Ludwig-753x1024.jpg\" alt=\"\" class=\"wp-image-1894 size-full\" srcset=\"https:\/\/www.vspischelsdorf.at\/WordPress\/wp-content\/uploads\/2025\/02\/Rainer_Ludwig-753x1024.jpg 753w, https:\/\/www.vspischelsdorf.at\/WordPress\/wp-content\/uploads\/2025\/02\/Rainer_Ludwig-221x300.jpg 221w, https:\/\/www.vspischelsdorf.at\/WordPress\/wp-content\/uploads\/2025\/02\/Rainer_Ludwig-768x1045.jpg 768w, https:\/\/www.vspischelsdorf.at\/WordPress\/wp-content\/uploads\/2025\/02\/Rainer_Ludwig.jpg 833w\" sizes=\"auto, (max-width: 753px) 100vw, 753px\" \/><\/figure><div class=\"wp-block-media-text__content\">\n<p>Dipl.-P\u00e4d.<br><strong>Rainer Ludwig<br><\/strong>Beratungslehrer<\/p>\n<\/div><\/div>\n\n\n\n<div class=\"wp-block-media-text is-stacked-on-mobile\" style=\"grid-template-columns:45% auto\"><figure class=\"wp-block-media-text__media\"><img loading=\"lazy\" decoding=\"async\" width=\"328\" height=\"462\" src=\"https:\/\/www.vspischelsdorf.at\/WordPress\/wp-content\/uploads\/2023\/10\/Nina-Moerk-klein.jpg\" alt=\"\" class=\"wp-image-107 size-full\" srcset=\"https:\/\/www.vspischelsdorf.at\/WordPress\/wp-content\/uploads\/2023\/10\/Nina-Moerk-klein.jpg 328w, https:\/\/www.vspischelsdorf.at\/WordPress\/wp-content\/uploads\/2023\/10\/Nina-Moerk-klein-213x300.jpg 213w\" sizes=\"auto, (max-width: 328px) 100vw, 328px\" \/><\/figure><div class=\"wp-block-media-text__content\">\n<p><strong>Nina M\u00f6rk<br><\/strong>Reinigungspersonal<\/p>\n<\/div><\/div>\n<\/div>\n\n\n\n<div class=\"wp-block-column is-layout-flow wp-block-column-is-layout-flow\">\n<div class=\"wp-block-media-text is-stacked-on-mobile\" style=\"grid-template-columns:45% auto\"><figure class=\"wp-block-media-text__media\"><img loading=\"lazy\" decoding=\"async\" width=\"400\" height=\"600\" src=\"https:\/\/www.vspischelsdorf.at\/WordPress\/wp-content\/uploads\/2023\/10\/Mayer-Frass-Marie-Luise.jpg\" alt=\"\" class=\"wp-image-91 size-full\" srcset=\"https:\/\/www.vspischelsdorf.at\/WordPress\/wp-content\/uploads\/2023\/10\/Mayer-Frass-Marie-Luise.jpg 400w, https:\/\/www.vspischelsdorf.at\/WordPress\/wp-content\/uploads\/2023\/10\/Mayer-Frass-Marie-Luise-200x300.jpg 200w\" sizes=\"auto, (max-width: 400px) 100vw, 400px\" \/><\/figure><div class=\"wp-block-media-text__content\">\n<p>Dipl.-P\u00e4d.<br><strong>Marie-Luise Mayer-Fra\u00df<br><\/strong>Leiterin-Stellvertr.<br>Klassenlehrerin<\/p>\n<\/div><\/div>\n\n\n\n<div class=\"wp-block-media-text is-stacked-on-mobile\" style=\"grid-template-columns:45% auto\"><figure class=\"wp-block-media-text__media\"><img loading=\"lazy\" decoding=\"async\" width=\"400\" height=\"600\" src=\"https:\/\/www.vspischelsdorf.at\/WordPress\/wp-content\/uploads\/2023\/10\/Susanne-Kastenhuber-Monschein_2022.jpg\" alt=\"\" class=\"wp-image-92 size-full\" srcset=\"https:\/\/www.vspischelsdorf.at\/WordPress\/wp-content\/uploads\/2023\/10\/Susanne-Kastenhuber-Monschein_2022.jpg 400w, https:\/\/www.vspischelsdorf.at\/WordPress\/wp-content\/uploads\/2023\/10\/Susanne-Kastenhuber-Monschein_2022-200x300.jpg 200w\" sizes=\"auto, (max-width: 400px) 100vw, 400px\" \/><\/figure><div class=\"wp-block-media-text__content\">\n<p>Dipl.-P\u00e4d. Mag.<sup>a<\/sup><br><strong>Susanne Kastenhuber-Monschein&nbsp;<\/strong><\/p>\n\n\n\n<p>Klassenlehrerin<\/p>\n<\/div><\/div>\n\n\n\n<div class=\"wp-block-media-text is-stacked-on-mobile\" style=\"grid-template-columns:45% auto\"><figure class=\"wp-block-media-text__media\"><img loading=\"lazy\" decoding=\"async\" width=\"731\" height=\"1024\" src=\"https:\/\/www.vspischelsdorf.at\/WordPress\/wp-content\/uploads\/2024\/01\/Birgit-Grabmayer.jpg\" alt=\"\" class=\"wp-image-886 size-full\" srcset=\"https:\/\/www.vspischelsdorf.at\/WordPress\/wp-content\/uploads\/2024\/01\/Birgit-Grabmayer.jpg 731w, https:\/\/www.vspischelsdorf.at\/WordPress\/wp-content\/uploads\/2024\/01\/Birgit-Grabmayer-214x300.jpg 214w\" sizes=\"auto, (max-width: 731px) 100vw, 731px\" \/><\/figure><div class=\"wp-block-media-text__content\">\n<p><strong>Birgit Grabmayer<\/strong>, BEd<br>Klassenlehrerin<\/p>\n<\/div><\/div>\n\n\n\n<div class=\"wp-block-media-text is-stacked-on-mobile\" style=\"grid-template-columns:45% auto\"><figure class=\"wp-block-media-text__media\"><img loading=\"lazy\" decoding=\"async\" width=\"433\" height=\"600\" src=\"https:\/\/www.vspischelsdorf.at\/WordPress\/wp-content\/uploads\/2023\/10\/13x18_Lehr-4-von-4.jpg\" alt=\"\" class=\"wp-image-100 size-full\" srcset=\"https:\/\/www.vspischelsdorf.at\/WordPress\/wp-content\/uploads\/2023\/10\/13x18_Lehr-4-von-4.jpg 433w, https:\/\/www.vspischelsdorf.at\/WordPress\/wp-content\/uploads\/2023\/10\/13x18_Lehr-4-von-4-217x300.jpg 217w\" sizes=\"auto, (max-width: 433px) 100vw, 433px\" \/><\/figure><div class=\"wp-block-media-text__content\">\n<p>Prof.<br><strong>Lukas Venus,&nbsp;<\/strong>BEd<br>Klassenlehrer<strong>&nbsp;<\/strong><\/p>\n<\/div><\/div>\n\n\n\n<div class=\"wp-block-media-text is-stacked-on-mobile\" style=\"grid-template-columns:45% auto\"><figure class=\"wp-block-media-text__media\"><img loading=\"lazy\" decoding=\"async\" width=\"400\" height=\"600\" src=\"https:\/\/www.vspischelsdorf.at\/WordPress\/wp-content\/uploads\/2023\/10\/Prof.-Anita-Schaller-BEd.jpg\" alt=\"\" class=\"wp-image-94 size-full\" srcset=\"https:\/\/www.vspischelsdorf.at\/WordPress\/wp-content\/uploads\/2023\/10\/Prof.-Anita-Schaller-BEd.jpg 400w, https:\/\/www.vspischelsdorf.at\/WordPress\/wp-content\/uploads\/2023\/10\/Prof.-Anita-Schaller-BEd-200x300.jpg 200w\" sizes=\"auto, (max-width: 400px) 100vw, 400px\" \/><\/figure><div class=\"wp-block-media-text__content\">\n<p><strong>Anita Schaller<\/strong>, BEd<br>Kath. Religionslehrerin<\/p>\n<\/div><\/div>\n\n\n\n<div class=\"wp-block-media-text is-stacked-on-mobile\" style=\"grid-template-columns:45% auto\"><figure class=\"wp-block-media-text__media\"><img loading=\"lazy\" decoding=\"async\" width=\"768\" height=\"1024\" src=\"https:\/\/www.vspischelsdorf.at\/WordPress\/wp-content\/uploads\/2025\/01\/Marlene-Kastenhuber-768x1024.jpg\" alt=\"\" class=\"wp-image-1839 size-full\" srcset=\"https:\/\/www.vspischelsdorf.at\/WordPress\/wp-content\/uploads\/2025\/01\/Marlene-Kastenhuber-768x1024.jpg 768w, https:\/\/www.vspischelsdorf.at\/WordPress\/wp-content\/uploads\/2025\/01\/Marlene-Kastenhuber-225x300.jpg 225w, https:\/\/www.vspischelsdorf.at\/WordPress\/wp-content\/uploads\/2025\/01\/Marlene-Kastenhuber.jpg 828w\" sizes=\"auto, (max-width: 768px) 100vw, 768px\" \/><\/figure><div class=\"wp-block-media-text__content\">\n<p><strong>Marlene Kastenhuber<\/strong>, BEd<br>Ev. Religionslehrerin<\/p>\n<\/div><\/div>\n\n\n\n<div class=\"wp-block-media-text is-stacked-on-mobile\" style=\"grid-template-columns:45% auto\"><figure class=\"wp-block-media-text__media\"><img loading=\"lazy\" decoding=\"async\" width=\"425\" height=\"600\" src=\"https:\/\/www.vspischelsdorf.at\/WordPress\/wp-content\/uploads\/2023\/10\/janine-himler.jpg\" alt=\"\" class=\"wp-image-97 size-full\" srcset=\"https:\/\/www.vspischelsdorf.at\/WordPress\/wp-content\/uploads\/2023\/10\/janine-himler.jpg 425w, https:\/\/www.vspischelsdorf.at\/WordPress\/wp-content\/uploads\/2023\/10\/janine-himler-213x300.jpg 213w\" sizes=\"auto, (max-width: 425px) 100vw, 425px\" \/><\/figure><div class=\"wp-block-media-text__content\">\n<p>Prof.in<br><strong>Janine Himler,\u00a0<\/strong>MEd Schuleingang<\/p>\n\n\n\n<p>Deutsch als Zweitsprache<\/p>\n\n\n\n<p>Ev. Religionslehrerin<\/p>\n<\/div><\/div>\n\n\n\n<div class=\"wp-block-media-text is-stacked-on-mobile\" style=\"grid-template-columns:45% auto\"><figure class=\"wp-block-media-text__media\"><img loading=\"lazy\" decoding=\"async\" width=\"517\" height=\"600\" src=\"https:\/\/www.vspischelsdorf.at\/WordPress\/wp-content\/uploads\/2023\/10\/angelika-woath._klein.jpg\" alt=\"\" class=\"wp-image-102 size-full\" srcset=\"https:\/\/www.vspischelsdorf.at\/WordPress\/wp-content\/uploads\/2023\/10\/angelika-woath._klein.jpg 517w, https:\/\/www.vspischelsdorf.at\/WordPress\/wp-content\/uploads\/2023\/10\/angelika-woath._klein-259x300.jpg 259w\" sizes=\"auto, (max-width: 517px) 100vw, 517px\" \/><\/figure><div class=\"wp-block-media-text__content\">\n<p>Mag.<sup>a<\/sup><strong><br><strong>Angelika Woath<\/strong><\/strong>, BEd<strong><br><\/strong>Sprachheillehrerin<\/p>\n<\/div><\/div>\n\n\n\n<div class=\"wp-block-media-text is-stacked-on-mobile\" style=\"grid-template-columns:45% auto\"><figure class=\"wp-block-media-text__media\"><img loading=\"lazy\" decoding=\"async\" width=\"731\" height=\"1024\" src=\"https:\/\/www.vspischelsdorf.at\/WordPress\/wp-content\/uploads\/2026\/02\/Helene-Puchner.jpg\" alt=\"\" class=\"wp-image-3292 size-full\" srcset=\"https:\/\/www.vspischelsdorf.at\/WordPress\/wp-content\/uploads\/2026\/02\/Helene-Puchner.jpg 731w, https:\/\/www.vspischelsdorf.at\/WordPress\/wp-content\/uploads\/2026\/02\/Helene-Puchner-214x300.jpg 214w\" sizes=\"auto, (max-width: 731px) 100vw, 731px\" \/><\/figure><div class=\"wp-block-media-text__content\">\n<p><strong>Helene Puchner<\/strong><br>Lehrerin<\/p>\n<\/div><\/div>\n\n\n\n<div class=\"wp-block-media-text is-stacked-on-mobile\" style=\"grid-template-columns:45% auto\"><figure class=\"wp-block-media-text__media\"><img loading=\"lazy\" decoding=\"async\" width=\"433\" height=\"600\" src=\"https:\/\/www.vspischelsdorf.at\/WordPress\/wp-content\/uploads\/2023\/10\/MG_9857.jpg\" alt=\"\" class=\"wp-image-106 size-full\" srcset=\"https:\/\/www.vspischelsdorf.at\/WordPress\/wp-content\/uploads\/2023\/10\/MG_9857.jpg 433w, https:\/\/www.vspischelsdorf.at\/WordPress\/wp-content\/uploads\/2023\/10\/MG_9857-217x300.jpg 217w\" sizes=\"auto, (max-width: 433px) 100vw, 433px\" \/><\/figure><div class=\"wp-block-media-text__content\">\n<p><strong>Gertrude Schwarz<\/strong><br>Nachmittagsbetreuung<\/p>\n<\/div><\/div>\n\n\n\n<div class=\"wp-block-media-text is-stacked-on-mobile\" style=\"grid-template-columns:45% auto\"><figure class=\"wp-block-media-text__media\"><img loading=\"lazy\" decoding=\"async\" width=\"682\" height=\"1024\" src=\"https:\/\/www.vspischelsdorf.at\/WordPress\/wp-content\/uploads\/2024\/01\/Martin-Supper.jpg\" alt=\"\" class=\"wp-image-904 size-full\" srcset=\"https:\/\/www.vspischelsdorf.at\/WordPress\/wp-content\/uploads\/2024\/01\/Martin-Supper.jpg 682w, https:\/\/www.vspischelsdorf.at\/WordPress\/wp-content\/uploads\/2024\/01\/Martin-Supper-200x300.jpg 200w\" sizes=\"auto, (max-width: 682px) 100vw, 682px\" \/><\/figure><div class=\"wp-block-media-text__content\">\n<p><strong>Martin Supper<br><\/strong>Schulwart<\/p>\n<\/div><\/div>\n<\/div>\n<\/div>\n\n\n\n<div style=\"height:100px\" aria-hidden=\"true\" class=\"wp-block-spacer\"><\/div>\n\n\n\n<h1 class=\"wp-block-heading\">Krisenteam<\/h1>\n\n\n\n<div style=\"height:20px\" aria-hidden=\"true\" class=\"wp-block-spacer\"><\/div>\n\n\n\n<p>Dipl.-P\u00e4d. Catherine Schweighofer<\/p>\n\n\n\n<p>Dipl.-P\u00e4d. Marie-Luise Mayer-Fra\u00df<\/p>\n\n\n\n<p>Prof. Lukas Venus, BEd<\/p>\n\n\n\n<p>Martin Supper<\/p>\n","protected":false},"excerpt":{"rendered":"<p>Dipl.-P\u00e4d.Catherine Schweighofer Leiterin Dipl.-P\u00e4d.Barbara Sommerhofer,&nbsp;BEdKlassenlehrerin Prof.inAngelika Seidler,\u00a0MAKlassenlehrerin Prof.inBettina Cossee,&nbsp;BEdKlassenlehrerin Prof.inEva-Maria Koller,&nbsp;BEd, BEdKlassenlehrerin Prof.inVictoria P\u00f6ttler,&nbsp;BAKlassenlehrerin Dipl.-P\u00e4d.Angelika WildLehrerin f\u00fcr Technik und Design Volksschullehrerin Dipl.-P\u00e4d. Mag.aSandra Gollowitsch-Siegl&nbsp; Lehrerin Chuck Le MondsNative Speaker Englisch Dipl.-P\u00e4d.Rainer LudwigBeratungslehrer Nina M\u00f6rkReinigungspersonal Dipl.-P\u00e4d.Marie-Luise Mayer-Fra\u00dfLeiterin-Stellvertr.Klassenlehrerin Dipl.-P\u00e4d. Mag.aSusanne Kastenhuber-Monschein&nbsp; Klassenlehrerin Birgit Grabmayer, BEdKlassenlehrerin Prof.Lukas Venus,&nbsp;BEdKlassenlehrer&nbsp; Anita Schaller, BEdKath. Religionslehrerin Marlene Kastenhuber, BEdEv. Religionslehrerin Prof.inJanine Himler,\u00a0MEd Schuleingang Deutsch als Zweitsprache Ev. Religionslehrerin Mag.aAngelika Woath, BEdSprachheillehrerin Helene PuchnerLehrerin Gertrude SchwarzNachmittagsbetreuung Martin SupperSchulwart Krisenteam Dipl.-P\u00e4d. Catherine Schweighofer Dipl.-P\u00e4d. Marie-Luise Mayer-Fra\u00df Prof. Lukas Venus, BEd Martin Supper<\/p>\n","protected":false},"author":1,"featured_media":0,"parent":0,"menu_order":0,"comment_status":"closed","ping_status":"closed","template":"","meta":{"ngg_post_thumbnail":0,"_mc_calendar":[],"footnotes":""},"class_list":["post-84","page","type-page","status-publish","hentry"],"_links":{"self":[{"href":"https:\/\/www.vspischelsdorf.at\/WordPress\/wp-json\/wp\/v2\/pages\/84","targetHints":{"allow":["GET"]}}],"collection":[{"href":"https:\/\/www.vspischelsdorf.at\/WordPress\/wp-json\/wp\/v2\/pages"}],"about":[{"href":"https:\/\/www.vspischelsdorf.at\/WordPress\/wp-json\/wp\/v2\/types\/page"}],"author":[{"embeddable":true,"href":"https:\/\/www.vspischelsdorf.at\/WordPress\/wp-json\/wp\/v2\/users\/1"}],"replies":[{"embeddable":true,"href":"https:\/\/www.vspischelsdorf.at\/WordPress\/wp-json\/wp\/v2\/comments?post=84"}],"version-history":[{"count":55,"href":"https:\/\/www.vspischelsdorf.at\/WordPress\/wp-json\/wp\/v2\/pages\/84\/revisions"}],"predecessor-version":[{"id":3304,"href":"https:\/\/www.vspischelsdorf.at\/WordPress\/wp-json\/wp\/v2\/pages\/84\/revisions\/3304"}],"wp:attachment":[{"href":"https:\/\/www.vspischelsdorf.at\/WordPress\/wp-json\/wp\/v2\/media?parent=84"}],"curies":[{"name":"wp","href":"https:\/\/api.w.org\/{rel}","templated":true}]}}