{"id":21,"date":"2023-10-19T08:11:06","date_gmt":"2023-10-19T06:11:06","guid":{"rendered":"https:\/\/www.vspischelsdorf.at\/WordPress\/?page_id=21"},"modified":"2025-09-18T13:25:42","modified_gmt":"2025-09-18T11:25:42","slug":"nachmittagsbetreuung","status":"publish","type":"page","link":"https:\/\/www.vspischelsdorf.at\/WordPress\/nachmittagsbetreuung\/","title":{"rendered":"Nachmittagsbetreuung"},"content":{"rendered":"\n<div style=\"height:29px\" aria-hidden=\"true\" class=\"wp-block-spacer\"><\/div>\n\n\n\n<h1 class=\"wp-block-heading has-text-align-center\">Die Ganztagsschule mit getrennter Abfolge<\/h1>\n\n\n\n<p class=\"has-text-align-center\"><strong>&#8230;wurde vom Amt der Steierm\u00e4rkischen Landesregierung am 8. August 2011 mit Bescheid bewilligt. Sie wird von WIKI organisiert und von der Gemeinde finanziert.<\/strong><\/p>\n\n\n\n<div style=\"height:44px\" aria-hidden=\"true\" class=\"wp-block-spacer\"><\/div>\n\n\n\n<h1 class=\"wp-block-heading has-text-align-center\">Herzlich willkommen in unserer Ganztagsschule!<\/h1>\n\n\n\n<p class=\"has-text-align-center\">Wir hei\u00dfen Patrick Bauer und Gertrude Schwarz und leiten bzw. organisieren gemeinsam die GTS. Der organisatorische Tagesablauf ist darunter ersichtlich. Es ist jederzeit m\u00f6glich, Ihr Kind f\u00fcr die GTS anzumelden. In den Herbst- bzw. Semesterferien und an allen schulautonomen Tagen findet nach gen\u00fcgend Bedarf eine Betreuung f\u00fcr bereits angemeldete Kinder statt. In den Weihnachts- und Osterferien k\u00f6nnen wir keine Betreuung anbieten. Eine Anmeldung f\u00fcr die Sommerbetreuung ist auch f\u00fcr Kinder m\u00f6glich, welche w\u00e4hrend des Schuljahres nicht die Nachmittagsbetreuung besuchen.<\/p>\n\n\n\n<p class=\"has-text-align-center\">F\u00fcr Fragen stehen wir Ihnen sehr gerne zur Verf\u00fcgung.<br>Unter der Tel.Nr.: 0664\/8498239 k\u00f6nnen Sie uns von Montag-Freitag zwischen 11:15 und 17:00 Uhr erreichen.<br><br>Wir freuen uns auf eine gute Zusammenarbeit!<\/p>\n\n\n\n<p class=\"has-text-align-center\">Mit freundlichen Gr\u00fc\u00dfen<br>Patrick Bauer und Gertrude Schwarz<\/p>\n\n\n\n<div style=\"height:62px\" aria-hidden=\"true\" class=\"wp-block-spacer\"><\/div>\n\n\n\n<p class=\"has-text-align-center\"><strong>KONTAKTDATEN:<\/strong><\/p>\n\n\n\n<p class=\"has-text-align-center\">Tel.: <strong>0664\/8498239<\/strong> von Montag bis Freitag zwischen 11:15 und 17:00 Uhr<br>E-Mail: <strong>fb.pischelsdorf.vs@wiki.at<\/strong><\/p>\n\n\n\n<div style=\"height:45px\" aria-hidden=\"true\" class=\"wp-block-spacer\"><\/div>\n\n\n<div class=\"wp-block-image\">\n<figure class=\"aligncenter size-full\"><img loading=\"lazy\" decoding=\"async\" width=\"500\" height=\"347\" src=\"https:\/\/www.vspischelsdorf.at\/WordPress\/wp-content\/uploads\/2023\/10\/Ankick-fuer-das-neue-Schuljahr-d099cc92.jpg\" alt=\"\" class=\"wp-image-131\" srcset=\"https:\/\/www.vspischelsdorf.at\/WordPress\/wp-content\/uploads\/2023\/10\/Ankick-fuer-das-neue-Schuljahr-d099cc92.jpg 500w, https:\/\/www.vspischelsdorf.at\/WordPress\/wp-content\/uploads\/2023\/10\/Ankick-fuer-das-neue-Schuljahr-d099cc92-300x208.jpg 300w\" sizes=\"auto, (max-width: 500px) 100vw, 500px\" \/><figcaption class=\"wp-element-caption\">F\u00fcr viele Kinder gab es auch heuer wieder den Ankick f\u00fcr die WIKI Nachmittagsbetreuung in der Volksschule Pischelsdorf. Bei Spiel, Sport, Kreativem und jeder Menge Spa\u00df werden die Kinder t\u00e4glich von 11:25 bis 17:00 betreut.<\/figcaption><\/figure>\n<\/div>\n\n\n<div style=\"height:41px\" aria-hidden=\"true\" class=\"wp-block-spacer\"><\/div>\n\n\n\n<h1 class=\"wp-block-heading\">Tagesablauf in der GTS<\/h1>\n\n\n\n<div style=\"height:18px\" aria-hidden=\"true\" class=\"wp-block-spacer\"><\/div>\n\n\n\n<p>o\u00a0Nach dem Unterricht kommen die Kinder selbstst\u00e4ndig in den Raum f\u00fcr die Nachmittagsbetreuung im 1. Stock.<\/p>\n\n\n\n<p>o&nbsp;Von 11:25 &#8211; 12:20 d\u00fcrfen sich alle Kinder erholen bzw. basteln, zeichnen, spielen,&#8230;<\/p>\n\n\n\n<p>o&nbsp;Um 12:20 gehen wir alle gemeinsam in den Speisesaal zum Mittagessen. Das Mittagessen kostet \u20ac 5,00.<\/p>\n\n\n\n<p>o\u00a0Von 13:15 &#8211; 14:05 findet\u00a0von Montag bis Freitag\u00a0die Lernzeit statt, in der Lehrpersonen\u00a0zur Verf\u00fcgung stehen.<br>In dieser gegenstandsbezogenen Lernzeit (GLZ)\u00a0haben die Kinder die M\u00f6glichkeit, eigenst\u00e4ndig ihre Hausaufgaben in daf\u00fcr vorgesehenen R\u00e4umen zu erledigen. Die Kontrolle auf Vollst\u00e4ndigkeit und Richtigkeit der Haus\u00fcbung liegt bei den Erziehungsberechtigten.<\/p>\n\n\n\n<p>o&nbsp;Ab 14:05 gibt es gemeinsame Aktivit\u00e4ten im Hof, im Turnsaal oder im Gruppenraum.<\/p>\n\n\n\n<p>o Dauer der GTS ist mindestens bis 16 Uhr. Freitags d\u00fcrfen die Kinder ab 14:45 Uhr abgeholt werden.<\/p>\n\n\n\n<p>o&nbsp;Abholzeit ist sp\u00e4testens 17 Uhr.<\/p>\n\n\n\n<div style=\"height:57px\" aria-hidden=\"true\" class=\"wp-block-spacer\"><\/div>\n\n\n\n<h2 class=\"wp-block-heading\">Einblicke in unsere Nachmittage<\/h2>\n\n\n\n<div style=\"height:20px\" aria-hidden=\"true\" class=\"wp-block-spacer\"><\/div>\n\n\n\n<!-- default-view.php -->\n<div\n\tclass=\"ngg-galleryoverview default-view \"\n\tid=\"ngg-gallery-dd4b68a4f6d9a1fedebd2faedc448c8d-1\">\n\n\t\t<!-- Thumbnails -->\n\t\t\t\t<div id=\"ngg-image-0\" class=\"ngg-gallery-thumbnail-box \" >\n\t\t\t\t        <div class=\"ngg-gallery-thumbnail\">\n            <a href=\"https:\/\/www.vspischelsdorf.at\/WordPress\/wp-content\/gallery\/nachmitagsbetreuung\/20170113_122934-0e6fc69a.jpg\"\n               title=\"\"\n               data-src=\"https:\/\/www.vspischelsdorf.at\/WordPress\/wp-content\/gallery\/nachmitagsbetreuung\/20170113_122934-0e6fc69a.jpg\"\n               data-thumbnail=\"https:\/\/www.vspischelsdorf.at\/WordPress\/wp-content\/gallery\/nachmitagsbetreuung\/thumbs\/thumbs_20170113_122934-0e6fc69a.jpg\"\n               data-image-id=\"28\"\n               data-title=\"20170113_122934-0e6fc69a\"\n               data-description=\"\"\n               data-image-slug=\"20170113_122934-0e6fc69a\"\n               class=\"ngg-simplelightbox\" rel=\"dd4b68a4f6d9a1fedebd2faedc448c8d\">\n                <img\n                    title=\"20170113_122934-0e6fc69a\"\n                    alt=\"20170113_122934-0e6fc69a\"\n                    src=\"https:\/\/www.vspischelsdorf.at\/WordPress\/wp-content\/gallery\/nachmitagsbetreuung\/thumbs\/thumbs_20170113_122934-0e6fc69a.jpg\"\n                    width=\"281\"\n                    height=\"158\"\n                    style=\"max-width:100%;\"\n                \/>\n            <\/a>\n        <\/div>\n\t\t\t\t\t\t\t<\/div> \n\t\t\t\n\t\t\t\t<div id=\"ngg-image-1\" class=\"ngg-gallery-thumbnail-box \" >\n\t\t\t\t        <div class=\"ngg-gallery-thumbnail\">\n            <a href=\"https:\/\/www.vspischelsdorf.at\/WordPress\/wp-content\/gallery\/nachmitagsbetreuung\/NB-Winter-17-f5f0c3df.jpg\"\n               title=\"\"\n               data-src=\"https:\/\/www.vspischelsdorf.at\/WordPress\/wp-content\/gallery\/nachmitagsbetreuung\/NB-Winter-17-f5f0c3df.jpg\"\n               data-thumbnail=\"https:\/\/www.vspischelsdorf.at\/WordPress\/wp-content\/gallery\/nachmitagsbetreuung\/thumbs\/thumbs_NB-Winter-17-f5f0c3df.jpg\"\n               data-image-id=\"30\"\n               data-title=\"NB-Winter-17-f5f0c3df\"\n               data-description=\"\"\n               data-image-slug=\"nb-winter-17-f5f0c3df\"\n               class=\"ngg-simplelightbox\" rel=\"dd4b68a4f6d9a1fedebd2faedc448c8d\">\n                <img\n                    title=\"NB-Winter-17-f5f0c3df\"\n                    alt=\"NB-Winter-17-f5f0c3df\"\n                    src=\"https:\/\/www.vspischelsdorf.at\/WordPress\/wp-content\/gallery\/nachmitagsbetreuung\/thumbs\/thumbs_NB-Winter-17-f5f0c3df.jpg\"\n                    width=\"211\"\n                    height=\"158\"\n                    style=\"max-width:100%;\"\n                \/>\n            <\/a>\n        <\/div>\n\t\t\t\t\t\t\t<\/div> \n\t\t\t\n\t\t\t\t<div id=\"ngg-image-2\" class=\"ngg-gallery-thumbnail-box \" >\n\t\t\t\t        <div class=\"ngg-gallery-thumbnail\">\n            <a href=\"https:\/\/www.vspischelsdorf.at\/WordPress\/wp-content\/gallery\/nachmitagsbetreuung\/NB-Winter-9-bf476c9f.jpg\"\n               title=\"\"\n               data-src=\"https:\/\/www.vspischelsdorf.at\/WordPress\/wp-content\/gallery\/nachmitagsbetreuung\/NB-Winter-9-bf476c9f.jpg\"\n               data-thumbnail=\"https:\/\/www.vspischelsdorf.at\/WordPress\/wp-content\/gallery\/nachmitagsbetreuung\/thumbs\/thumbs_NB-Winter-9-bf476c9f.jpg\"\n               data-image-id=\"31\"\n               data-title=\"NB-Winter-9-bf476c9f\"\n               data-description=\"\"\n               data-image-slug=\"nb-winter-9-bf476c9f\"\n               class=\"ngg-simplelightbox\" rel=\"dd4b68a4f6d9a1fedebd2faedc448c8d\">\n                <img\n                    title=\"NB-Winter-9-bf476c9f\"\n                    alt=\"NB-Winter-9-bf476c9f\"\n                    src=\"https:\/\/www.vspischelsdorf.at\/WordPress\/wp-content\/gallery\/nachmitagsbetreuung\/thumbs\/thumbs_NB-Winter-9-bf476c9f.jpg\"\n                    width=\"211\"\n                    height=\"158\"\n                    style=\"max-width:100%;\"\n                \/>\n            <\/a>\n        <\/div>\n\t\t\t\t\t\t\t<\/div> \n\t\t\t\n\t\t\t\t<div id=\"ngg-image-3\" class=\"ngg-gallery-thumbnail-box \" >\n\t\t\t\t        <div class=\"ngg-gallery-thumbnail\">\n            <a href=\"https:\/\/www.vspischelsdorf.at\/WordPress\/wp-content\/gallery\/nachmitagsbetreuung\/NB-Winter-18-095af54c.jpg\"\n               title=\"\"\n               data-src=\"https:\/\/www.vspischelsdorf.at\/WordPress\/wp-content\/gallery\/nachmitagsbetreuung\/NB-Winter-18-095af54c.jpg\"\n               data-thumbnail=\"https:\/\/www.vspischelsdorf.at\/WordPress\/wp-content\/gallery\/nachmitagsbetreuung\/thumbs\/thumbs_NB-Winter-18-095af54c.jpg\"\n               data-image-id=\"32\"\n               data-title=\"NB-Winter-18-095af54c\"\n               data-description=\"\"\n               data-image-slug=\"nb-winter-18-095af54c\"\n               class=\"ngg-simplelightbox\" rel=\"dd4b68a4f6d9a1fedebd2faedc448c8d\">\n                <img\n                    title=\"NB-Winter-18-095af54c\"\n                    alt=\"NB-Winter-18-095af54c\"\n                    src=\"https:\/\/www.vspischelsdorf.at\/WordPress\/wp-content\/gallery\/nachmitagsbetreuung\/thumbs\/thumbs_NB-Winter-18-095af54c.jpg\"\n                    width=\"211\"\n                    height=\"158\"\n                    style=\"max-width:100%;\"\n                \/>\n            <\/a>\n        <\/div>\n\t\t\t\t\t\t\t<\/div> \n\t\t\t\n\t\t\t\t<div id=\"ngg-image-4\" class=\"ngg-gallery-thumbnail-box \" >\n\t\t\t\t        <div class=\"ngg-gallery-thumbnail\">\n            <a href=\"https:\/\/www.vspischelsdorf.at\/WordPress\/wp-content\/gallery\/nachmitagsbetreuung\/IMG_20240110_142727.jpg\"\n               title=\"\"\n               data-src=\"https:\/\/www.vspischelsdorf.at\/WordPress\/wp-content\/gallery\/nachmitagsbetreuung\/IMG_20240110_142727.jpg\"\n               data-thumbnail=\"https:\/\/www.vspischelsdorf.at\/WordPress\/wp-content\/gallery\/nachmitagsbetreuung\/thumbs\/thumbs_IMG_20240110_142727.jpg\"\n               data-image-id=\"535\"\n               data-title=\"IMG_20240110_142727\"\n               data-description=\"\"\n               data-image-slug=\"img_20240110_142727\"\n               class=\"ngg-simplelightbox\" rel=\"dd4b68a4f6d9a1fedebd2faedc448c8d\">\n                <img\n                    title=\"IMG_20240110_142727\"\n                    alt=\"IMG_20240110_142727\"\n                    src=\"https:\/\/www.vspischelsdorf.at\/WordPress\/wp-content\/gallery\/nachmitagsbetreuung\/thumbs\/thumbs_IMG_20240110_142727.jpg\"\n                    width=\"334\"\n                    height=\"320\"\n                    style=\"max-width:100%;\"\n                \/>\n            <\/a>\n        <\/div>\n\t\t\t\t\t\t\t<\/div> \n\t\t\t\n\t\t\t\t<div id=\"ngg-image-5\" class=\"ngg-gallery-thumbnail-box \" >\n\t\t\t\t        <div class=\"ngg-gallery-thumbnail\">\n            <a href=\"https:\/\/www.vspischelsdorf.at\/WordPress\/wp-content\/gallery\/nachmitagsbetreuung\/IMG_20240110_142733.jpg\"\n               title=\"\"\n               data-src=\"https:\/\/www.vspischelsdorf.at\/WordPress\/wp-content\/gallery\/nachmitagsbetreuung\/IMG_20240110_142733.jpg\"\n               data-thumbnail=\"https:\/\/www.vspischelsdorf.at\/WordPress\/wp-content\/gallery\/nachmitagsbetreuung\/thumbs\/thumbs_IMG_20240110_142733.jpg\"\n               data-image-id=\"536\"\n               data-title=\"IMG_20240110_142733\"\n               data-description=\"\"\n               data-image-slug=\"img_20240110_142733\"\n               class=\"ngg-simplelightbox\" rel=\"dd4b68a4f6d9a1fedebd2faedc448c8d\">\n                <img\n                    title=\"IMG_20240110_142733\"\n                    alt=\"IMG_20240110_142733\"\n                    src=\"https:\/\/www.vspischelsdorf.at\/WordPress\/wp-content\/gallery\/nachmitagsbetreuung\/thumbs\/thumbs_IMG_20240110_142733.jpg\"\n                    width=\"427\"\n                    height=\"320\"\n                    style=\"max-width:100%;\"\n                \/>\n            <\/a>\n        <\/div>\n\t\t\t\t\t\t\t<\/div> \n\t\t\t\n\t\t\t\t<div id=\"ngg-image-6\" class=\"ngg-gallery-thumbnail-box \" >\n\t\t\t\t        <div class=\"ngg-gallery-thumbnail\">\n            <a href=\"https:\/\/www.vspischelsdorf.at\/WordPress\/wp-content\/gallery\/nachmitagsbetreuung\/IMG_20240110_142737.jpg\"\n               title=\"\"\n               data-src=\"https:\/\/www.vspischelsdorf.at\/WordPress\/wp-content\/gallery\/nachmitagsbetreuung\/IMG_20240110_142737.jpg\"\n               data-thumbnail=\"https:\/\/www.vspischelsdorf.at\/WordPress\/wp-content\/gallery\/nachmitagsbetreuung\/thumbs\/thumbs_IMG_20240110_142737.jpg\"\n               data-image-id=\"537\"\n               data-title=\"IMG_20240110_142737\"\n               data-description=\"\"\n               data-image-slug=\"img_20240110_142737\"\n               class=\"ngg-simplelightbox\" rel=\"dd4b68a4f6d9a1fedebd2faedc448c8d\">\n                <img\n                    title=\"IMG_20240110_142737\"\n                    alt=\"IMG_20240110_142737\"\n                    src=\"https:\/\/www.vspischelsdorf.at\/WordPress\/wp-content\/gallery\/nachmitagsbetreuung\/thumbs\/thumbs_IMG_20240110_142737.jpg\"\n                    width=\"427\"\n                    height=\"320\"\n                    style=\"max-width:100%;\"\n                \/>\n            <\/a>\n        <\/div>\n\t\t\t\t\t\t\t<\/div> \n\t\t\t\n\t\t\t\t<div id=\"ngg-image-7\" class=\"ngg-gallery-thumbnail-box \" >\n\t\t\t\t        <div class=\"ngg-gallery-thumbnail\">\n            <a href=\"https:\/\/www.vspischelsdorf.at\/WordPress\/wp-content\/gallery\/nachmitagsbetreuung\/IMG_20240110_142735.jpg\"\n               title=\"\"\n               data-src=\"https:\/\/www.vspischelsdorf.at\/WordPress\/wp-content\/gallery\/nachmitagsbetreuung\/IMG_20240110_142735.jpg\"\n               data-thumbnail=\"https:\/\/www.vspischelsdorf.at\/WordPress\/wp-content\/gallery\/nachmitagsbetreuung\/thumbs\/thumbs_IMG_20240110_142735.jpg\"\n               data-image-id=\"538\"\n               data-title=\"IMG_20240110_142735\"\n               data-description=\"\"\n               data-image-slug=\"img_20240110_142735\"\n               class=\"ngg-simplelightbox\" rel=\"dd4b68a4f6d9a1fedebd2faedc448c8d\">\n                <img\n                    title=\"IMG_20240110_142735\"\n                    alt=\"IMG_20240110_142735\"\n                    src=\"https:\/\/www.vspischelsdorf.at\/WordPress\/wp-content\/gallery\/nachmitagsbetreuung\/thumbs\/thumbs_IMG_20240110_142735.jpg\"\n                    width=\"240\"\n                    height=\"320\"\n                    style=\"max-width:100%;\"\n                \/>\n            <\/a>\n        <\/div>\n\t\t\t\t\t\t\t<\/div> \n\t\t\t\n\t\t\t\t<div id=\"ngg-image-8\" class=\"ngg-gallery-thumbnail-box \" >\n\t\t\t\t        <div class=\"ngg-gallery-thumbnail\">\n            <a href=\"https:\/\/www.vspischelsdorf.at\/WordPress\/wp-content\/gallery\/nachmitagsbetreuung\/IMG_20240110_142740.jpg\"\n               title=\"\"\n               data-src=\"https:\/\/www.vspischelsdorf.at\/WordPress\/wp-content\/gallery\/nachmitagsbetreuung\/IMG_20240110_142740.jpg\"\n               data-thumbnail=\"https:\/\/www.vspischelsdorf.at\/WordPress\/wp-content\/gallery\/nachmitagsbetreuung\/thumbs\/thumbs_IMG_20240110_142740.jpg\"\n               data-image-id=\"539\"\n               data-title=\"IMG_20240110_142740\"\n               data-description=\"\"\n               data-image-slug=\"img_20240110_142740\"\n               class=\"ngg-simplelightbox\" rel=\"dd4b68a4f6d9a1fedebd2faedc448c8d\">\n                <img\n                    title=\"IMG_20240110_142740\"\n                    alt=\"IMG_20240110_142740\"\n                    src=\"https:\/\/www.vspischelsdorf.at\/WordPress\/wp-content\/gallery\/nachmitagsbetreuung\/thumbs\/thumbs_IMG_20240110_142740.jpg\"\n                    width=\"427\"\n                    height=\"320\"\n                    style=\"max-width:100%;\"\n                \/>\n            <\/a>\n        <\/div>\n\t\t\t\t\t\t\t<\/div> \n\t\t\t\n\t\t\t\t<div id=\"ngg-image-9\" class=\"ngg-gallery-thumbnail-box \" >\n\t\t\t\t        <div class=\"ngg-gallery-thumbnail\">\n            <a href=\"https:\/\/www.vspischelsdorf.at\/WordPress\/wp-content\/gallery\/nachmitagsbetreuung\/IMG_20240110_142732.jpg\"\n               title=\"\"\n               data-src=\"https:\/\/www.vspischelsdorf.at\/WordPress\/wp-content\/gallery\/nachmitagsbetreuung\/IMG_20240110_142732.jpg\"\n               data-thumbnail=\"https:\/\/www.vspischelsdorf.at\/WordPress\/wp-content\/gallery\/nachmitagsbetreuung\/thumbs\/thumbs_IMG_20240110_142732.jpg\"\n               data-image-id=\"540\"\n               data-title=\"IMG_20240110_142732\"\n               data-description=\"\"\n               data-image-slug=\"img_20240110_142732\"\n               class=\"ngg-simplelightbox\" rel=\"dd4b68a4f6d9a1fedebd2faedc448c8d\">\n                <img\n                    title=\"IMG_20240110_142732\"\n                    alt=\"IMG_20240110_142732\"\n                    src=\"https:\/\/www.vspischelsdorf.at\/WordPress\/wp-content\/gallery\/nachmitagsbetreuung\/thumbs\/thumbs_IMG_20240110_142732.jpg\"\n                    width=\"240\"\n                    height=\"320\"\n                    style=\"max-width:100%;\"\n                \/>\n            <\/a>\n        <\/div>\n\t\t\t\t\t\t\t<\/div> \n\t\t\t\n\t\t\t\t<div id=\"ngg-image-10\" class=\"ngg-gallery-thumbnail-box \" >\n\t\t\t\t        <div class=\"ngg-gallery-thumbnail\">\n            <a href=\"https:\/\/www.vspischelsdorf.at\/WordPress\/wp-content\/gallery\/nachmitagsbetreuung\/IMG_20240110_142734.jpg\"\n               title=\"\"\n               data-src=\"https:\/\/www.vspischelsdorf.at\/WordPress\/wp-content\/gallery\/nachmitagsbetreuung\/IMG_20240110_142734.jpg\"\n               data-thumbnail=\"https:\/\/www.vspischelsdorf.at\/WordPress\/wp-content\/gallery\/nachmitagsbetreuung\/thumbs\/thumbs_IMG_20240110_142734.jpg\"\n               data-image-id=\"541\"\n               data-title=\"IMG_20240110_142734\"\n               data-description=\"\"\n               data-image-slug=\"img_20240110_142734\"\n               class=\"ngg-simplelightbox\" rel=\"dd4b68a4f6d9a1fedebd2faedc448c8d\">\n                <img\n                    title=\"IMG_20240110_142734\"\n                    alt=\"IMG_20240110_142734\"\n                    src=\"https:\/\/www.vspischelsdorf.at\/WordPress\/wp-content\/gallery\/nachmitagsbetreuung\/thumbs\/thumbs_IMG_20240110_142734.jpg\"\n                    width=\"427\"\n                    height=\"320\"\n                    style=\"max-width:100%;\"\n                \/>\n            <\/a>\n        <\/div>\n\t\t\t\t\t\t\t<\/div> \n\t\t\t\n\t\n\t<br style=\"clear: both\" \/>\n\n\t\n\t\t<!-- Pagination -->\n\t<div class='ngg-clear'><\/div>\t<\/div>\n\n","protected":false},"excerpt":{"rendered":"<p>Die Ganztagsschule mit getrennter Abfolge &#8230;wurde vom Amt der Steierm\u00e4rkischen Landesregierung am 8. August 2011 mit Bescheid bewilligt. Sie wird von WIKI organisiert und von der Gemeinde finanziert. Herzlich willkommen in unserer Ganztagsschule! Wir hei\u00dfen Patrick Bauer und Gertrude Schwarz und leiten bzw. organisieren gemeinsam die GTS. Der organisatorische Tagesablauf ist darunter ersichtlich. Es ist jederzeit m\u00f6glich, Ihr Kind f\u00fcr die GTS anzumelden. In den Herbst- bzw. Semesterferien und an allen schulautonomen Tagen findet nach gen\u00fcgend Bedarf eine Betreuung f\u00fcr bereits angemeldete Kinder statt. In den Weihnachts- und Osterferien k\u00f6nnen wir keine Betreuung anbieten. Eine Anmeldung f\u00fcr die Sommerbetreuung ist auch f\u00fcr Kinder m\u00f6glich, welche w\u00e4hrend des Schuljahres nicht die Nachmittagsbetreuung besuchen. F\u00fcr Fragen stehen wir Ihnen sehr gerne zur Verf\u00fcgung.Unter der Tel.Nr.: 0664\/8498239 k\u00f6nnen Sie uns von Montag-Freitag zwischen 11:15 und 17:00 Uhr erreichen. Wir freuen uns auf eine gute Zusammenarbeit! Mit freundlichen Gr\u00fc\u00dfenPatrick Bauer und Gertrude Schwarz KONTAKTDATEN: Tel.: 0664\/8498239 von Montag bis Freitag zwischen 11:15 und 17:00 UhrE-Mail: fb.pischelsdorf.vs@wiki.at Tagesablauf in der GTS o\u00a0Nach dem Unterricht kommen die Kinder selbstst\u00e4ndig in den Raum f\u00fcr die Nachmittagsbetreuung im 1. Stock. o&nbsp;Von 11:25 &#8211; 12:20 d\u00fcrfen sich alle Kinder erholen bzw. basteln, zeichnen, spielen,&#8230; o&nbsp;Um 12:20 gehen wir alle gemeinsam in den Speisesaal zum Mittagessen. Das Mittagessen kostet \u20ac 5,00. o\u00a0Von 13:15 &#8211; 14:05 findet\u00a0von Montag bis Freitag\u00a0die Lernzeit statt, in der Lehrpersonen\u00a0zur Verf\u00fcgung stehen.In dieser gegenstandsbezogenen Lernzeit (GLZ)\u00a0haben die Kinder die M\u00f6glichkeit, eigenst\u00e4ndig ihre Hausaufgaben in daf\u00fcr vorgesehenen R\u00e4umen zu erledigen. Die Kontrolle auf Vollst\u00e4ndigkeit und Richtigkeit der Haus\u00fcbung liegt bei den Erziehungsberechtigten. o&nbsp;Ab 14:05 gibt es gemeinsame Aktivit\u00e4ten im Hof, im Turnsaal oder im Gruppenraum. o Dauer der GTS ist mindestens bis 16 Uhr. Freitags d\u00fcrfen die Kinder ab 14:45 Uhr abgeholt werden. o&nbsp;Abholzeit ist sp\u00e4testens 17 Uhr. Einblicke in unsere Nachmittage<\/p>\n","protected":false},"author":1,"featured_media":0,"parent":0,"menu_order":0,"comment_status":"closed","ping_status":"closed","template":"","meta":{"ngg_post_thumbnail":0,"_mc_calendar":[],"footnotes":""},"class_list":["post-21","page","type-page","status-publish","hentry"],"_links":{"self":[{"href":"https:\/\/www.vspischelsdorf.at\/WordPress\/wp-json\/wp\/v2\/pages\/21","targetHints":{"allow":["GET"]}}],"collection":[{"href":"https:\/\/www.vspischelsdorf.at\/WordPress\/wp-json\/wp\/v2\/pages"}],"about":[{"href":"https:\/\/www.vspischelsdorf.at\/WordPress\/wp-json\/wp\/v2\/types\/page"}],"author":[{"embeddable":true,"href":"https:\/\/www.vspischelsdorf.at\/WordPress\/wp-json\/wp\/v2\/users\/1"}],"replies":[{"embeddable":true,"href":"https:\/\/www.vspischelsdorf.at\/WordPress\/wp-json\/wp\/v2\/comments?post=21"}],"version-history":[{"count":32,"href":"https:\/\/www.vspischelsdorf.at\/WordPress\/wp-json\/wp\/v2\/pages\/21\/revisions"}],"predecessor-version":[{"id":2893,"href":"https:\/\/www.vspischelsdorf.at\/WordPress\/wp-json\/wp\/v2\/pages\/21\/revisions\/2893"}],"wp:attachment":[{"href":"https:\/\/www.vspischelsdorf.at\/WordPress\/wp-json\/wp\/v2\/media?parent=21"}],"curies":[{"name":"wp","href":"https:\/\/api.w.org\/{rel}","templated":true}]}}