{"id":11,"date":"2023-10-19T08:09:59","date_gmt":"2023-10-19T06:09:59","guid":{"rendered":"https:\/\/www.vspischelsdorf.at\/WordPress\/?page_id=11"},"modified":"2024-01-10T09:31:27","modified_gmt":"2024-01-10T08:31:27","slug":"unsere-schule","status":"publish","type":"page","link":"https:\/\/www.vspischelsdorf.at\/WordPress\/unsere-schule\/","title":{"rendered":"Unsere Schule"},"content":{"rendered":"\n<div style=\"height:100px\" aria-hidden=\"true\" class=\"wp-block-spacer\"><\/div>\n\n\n\n<div class=\"wp-block-media-text is-stacked-on-mobile\"><figure class=\"wp-block-media-text__media\"><img loading=\"lazy\" decoding=\"async\" width=\"667\" height=\"1024\" src=\"https:\/\/www.vspischelsdorf.at\/WordPress\/wp-content\/uploads\/2024\/01\/Schafler_VS_P_297-667x1024.jpg\" alt=\"\" class=\"wp-image-847 size-full\" srcset=\"https:\/\/www.vspischelsdorf.at\/WordPress\/wp-content\/uploads\/2024\/01\/Schafler_VS_P_297-667x1024.jpg 667w, https:\/\/www.vspischelsdorf.at\/WordPress\/wp-content\/uploads\/2024\/01\/Schafler_VS_P_297-195x300.jpg 195w, https:\/\/www.vspischelsdorf.at\/WordPress\/wp-content\/uploads\/2024\/01\/Schafler_VS_P_297-768x1180.jpg 768w, https:\/\/www.vspischelsdorf.at\/WordPress\/wp-content\/uploads\/2024\/01\/Schafler_VS_P_297-1000x1536.jpg 1000w, https:\/\/www.vspischelsdorf.at\/WordPress\/wp-content\/uploads\/2024\/01\/Schafler_VS_P_297-1140x1751.jpg 1140w, https:\/\/www.vspischelsdorf.at\/WordPress\/wp-content\/uploads\/2024\/01\/Schafler_VS_P_297.jpg 1250w\" sizes=\"auto, (max-width: 667px) 100vw, 667px\" \/><\/figure><div class=\"wp-block-media-text__content\">\n<p style=\"font-size:22px\"><strong>Unsere Angebote &amp; Schwerpunkte<\/strong><\/p>\n\n\n\n<ul class=\"wp-block-list\">\n<li>behutsamer Schuleinstieg f\u00fcr alle Schulanf\u00e4nger*innen<\/li>\n\n\n\n<li>gute Zusammenarbeit mit den gemeindezugeh\u00f6rigen Kinderg\u00e4rten und Schulen<\/li>\n\n\n\n<li>Aneignung von solidem Grundwissen<\/li>\n\n\n\n<li>Methodenvielfalt im Unterricht<\/li>\n\n\n\n<li>Lesepatenschaften<\/li>\n\n\n\n<li>Native Speaker<\/li>\n\n\n\n<li>Sprachheilunterricht<\/li>\n\n\n\n<li>Deutsch als Zweitsprache<\/li>\n\n\n\n<li>Schulbibliothek<\/li>\n\n\n\n<li>Begabtenf\u00f6rderung &amp; Unverbindliche \u00dcbungen<\/li>\n\n\n\n<li>Teilnahme an Wettbewerben<\/li>\n\n\n\n<li>engagiertes Lehrer*innenteam<\/li>\n\n\n\n<li>aktiver Elternverein<\/li>\n\n\n\n<li>Meistersingerschule<\/li>\n\n\n\n<li>eEducation Expert-Schule<\/li>\n\n\n\n<li>registrierte Erasmus+ &#8211; Schule<\/li>\n\n\n\n<li>Klimaschule<\/li>\n<\/ul>\n\n\n\n<h5><strong>Unsere Unterrichtszeiten<\/strong><\/h5>\n<p><u>1.Stunde:<\/u> 7.30 Uhr bis 8.20 Uhr<\/p>\n<p><u>2.Stunde:<\/u> 8.20 Uhr bis 9.10 Uhr<\/p>\n<p><em>Jausenpause:<\/em> 9.10 Uhr bis 9.25 Uhr<\/p>\n<p><em>Hofpause: <\/em>9.25 Uhr bis 9.45 Uhr<\/p>\n<p><u>3.Stunde<\/u>: 9.45 Uhr bis 10.35 Uhr<\/p>\n<p><u>4.Stunde:<\/u> 10.35 Uhr bis 11.25 Uhr<\/p>\n<p><u>5.Stunde:<\/u> 11.30 Uhr bis 12.20 Uhr<\/p>\n\n\n\n<p style=\"font-size:22px\"><\/p>\n<\/div><\/div>\n\n\n\n<div style=\"height:34px\" aria-hidden=\"true\" class=\"wp-block-spacer\"><\/div>\n\n\n\n<div style=\"height:33px\" aria-hidden=\"true\" class=\"wp-block-spacer\"><\/div>\n\n\n<h4 style=\"text-align: center;\"><strong>\u00dcber 400 Jahre Schulbildung in Pischelsdorf<\/strong><\/h4>\n<p style=\"text-align: center;\">Es gibt schriftliche Aufzeichnungen, dass es im Jahre 1617 in Pischelsdorf eine Pfarrschule gab.<\/p>\n<p style=\"text-align: center;\">An dem Platz, wo auch heute unsere Schule steht, befand sich fr\u00fcher (seit ca. 1570) ein Spitalhaus.<\/p>\n<p style=\"text-align: center;\">Ab 1796 wurde dort die Schule untergebracht.<\/p>\n<p style=\"text-align: center;\">Das Geb\u00e4ude hat sich im Laufe der Jahrhunderte immer wieder ver\u00e4ndert.<\/p>\n<p style=\"text-align: center;\">Die letzte Sanierung wurde 2019 abgeschlossen.<\/p>\n\n<\/p>\n\n\n<div class=\"wp-block-columns is-layout-flex wp-container-core-columns-is-layout-9d6595d7 wp-block-columns-is-layout-flex\">\n<div class=\"wp-block-column is-layout-flow wp-block-column-is-layout-flow\">\n<figure class=\"wp-block-image size-large\"><img loading=\"lazy\" decoding=\"async\" width=\"1024\" height=\"658\" src=\"https:\/\/www.vspischelsdorf.at\/WordPress\/wp-content\/uploads\/2024\/01\/Bild-Allmer-VS_kleiner-1024x658.jpg\" alt=\"\" class=\"wp-image-856\" srcset=\"https:\/\/www.vspischelsdorf.at\/WordPress\/wp-content\/uploads\/2024\/01\/Bild-Allmer-VS_kleiner-1024x658.jpg 1024w, https:\/\/www.vspischelsdorf.at\/WordPress\/wp-content\/uploads\/2024\/01\/Bild-Allmer-VS_kleiner-300x193.jpg 300w, https:\/\/www.vspischelsdorf.at\/WordPress\/wp-content\/uploads\/2024\/01\/Bild-Allmer-VS_kleiner-768x493.jpg 768w, https:\/\/www.vspischelsdorf.at\/WordPress\/wp-content\/uploads\/2024\/01\/Bild-Allmer-VS_kleiner-1140x732.jpg 1140w, https:\/\/www.vspischelsdorf.at\/WordPress\/wp-content\/uploads\/2024\/01\/Bild-Allmer-VS_kleiner.jpg 1280w\" sizes=\"auto, (max-width: 1024px) 100vw, 1024px\" \/><\/figure>\n<\/div>\n\n\n\n<div class=\"wp-block-column is-layout-flow wp-block-column-is-layout-flow\">\n<figure class=\"wp-block-image size-full\"><img loading=\"lazy\" decoding=\"async\" width=\"849\" height=\"556\" src=\"https:\/\/www.vspischelsdorf.at\/WordPress\/wp-content\/uploads\/2024\/01\/VS-1977_zuschnitt.jpg\" alt=\"\" class=\"wp-image-857\" srcset=\"https:\/\/www.vspischelsdorf.at\/WordPress\/wp-content\/uploads\/2024\/01\/VS-1977_zuschnitt.jpg 849w, https:\/\/www.vspischelsdorf.at\/WordPress\/wp-content\/uploads\/2024\/01\/VS-1977_zuschnitt-300x196.jpg 300w, https:\/\/www.vspischelsdorf.at\/WordPress\/wp-content\/uploads\/2024\/01\/VS-1977_zuschnitt-768x503.jpg 768w\" sizes=\"auto, (max-width: 849px) 100vw, 849px\" \/><\/figure>\n<\/div>\n\n\n\n<div class=\"wp-block-column is-layout-flow wp-block-column-is-layout-flow\">\n<figure class=\"wp-block-image size-large\"><img loading=\"lazy\" decoding=\"async\" width=\"1024\" height=\"682\" src=\"https:\/\/www.vspischelsdorf.at\/WordPress\/wp-content\/uploads\/2024\/01\/2020_ohne-quelle-1024x682.jpg\" alt=\"\" class=\"wp-image-860\" srcset=\"https:\/\/www.vspischelsdorf.at\/WordPress\/wp-content\/uploads\/2024\/01\/2020_ohne-quelle-1024x682.jpg 1024w, https:\/\/www.vspischelsdorf.at\/WordPress\/wp-content\/uploads\/2024\/01\/2020_ohne-quelle-300x200.jpg 300w, https:\/\/www.vspischelsdorf.at\/WordPress\/wp-content\/uploads\/2024\/01\/2020_ohne-quelle-768x512.jpg 768w, https:\/\/www.vspischelsdorf.at\/WordPress\/wp-content\/uploads\/2024\/01\/2020_ohne-quelle-1536x1024.jpg 1536w, https:\/\/www.vspischelsdorf.at\/WordPress\/wp-content\/uploads\/2024\/01\/2020_ohne-quelle-1140x760.jpg 1140w, https:\/\/www.vspischelsdorf.at\/WordPress\/wp-content\/uploads\/2024\/01\/2020_ohne-quelle.jpg 1916w\" sizes=\"auto, (max-width: 1024px) 100vw, 1024px\" \/><\/figure>\n<\/div>\n<\/div>\n","protected":false},"excerpt":{"rendered":"<p>\u00dcber 400 Jahre Schulbildung in Pischelsdorf Es gibt schriftliche Aufzeichnungen, dass es im Jahre 1617 in Pischelsdorf eine Pfarrschule gab. An dem Platz, wo auch heute unsere Schule steht, befand sich fr\u00fcher (seit ca. 1570) ein Spitalhaus. Ab 1796 wurde dort die Schule untergebracht. Das Geb\u00e4ude hat sich im Laufe der Jahrhunderte immer wieder ver\u00e4ndert. Die letzte Sanierung wurde 2019 abgeschlossen.<\/p>\n","protected":false},"author":1,"featured_media":0,"parent":0,"menu_order":0,"comment_status":"closed","ping_status":"closed","template":"","meta":{"ngg_post_thumbnail":0,"_mc_calendar":[],"footnotes":""},"class_list":["post-11","page","type-page","status-publish","hentry"],"_links":{"self":[{"href":"https:\/\/www.vspischelsdorf.at\/WordPress\/wp-json\/wp\/v2\/pages\/11","targetHints":{"allow":["GET"]}}],"collection":[{"href":"https:\/\/www.vspischelsdorf.at\/WordPress\/wp-json\/wp\/v2\/pages"}],"about":[{"href":"https:\/\/www.vspischelsdorf.at\/WordPress\/wp-json\/wp\/v2\/types\/page"}],"author":[{"embeddable":true,"href":"https:\/\/www.vspischelsdorf.at\/WordPress\/wp-json\/wp\/v2\/users\/1"}],"replies":[{"embeddable":true,"href":"https:\/\/www.vspischelsdorf.at\/WordPress\/wp-json\/wp\/v2\/comments?post=11"}],"version-history":[{"count":27,"href":"https:\/\/www.vspischelsdorf.at\/WordPress\/wp-json\/wp\/v2\/pages\/11\/revisions"}],"predecessor-version":[{"id":885,"href":"https:\/\/www.vspischelsdorf.at\/WordPress\/wp-json\/wp\/v2\/pages\/11\/revisions\/885"}],"wp:attachment":[{"href":"https:\/\/www.vspischelsdorf.at\/WordPress\/wp-json\/wp\/v2\/media?parent=11"}],"curies":[{"name":"wp","href":"https:\/\/api.w.org\/{rel}","templated":true}]}}